{"id":11306,"date":"2024-11-06T08:34:04","date_gmt":"2024-11-06T08:34:04","guid":{"rendered":"https:\/\/sla.de\/?page_id=11306"},"modified":"2024-11-14T12:54:46","modified_gmt":"2024-11-14T12:54:46","slug":"sfu-i-pc-check","status":"publish","type":"page","link":"https:\/\/sla.de\/en\/sfu-i-pc-check\/","title":{"rendered":"SFU I-PC Check"},"content":{"rendered":"","protected":false},"excerpt":{"rendered":"","protected":false},"author":2,"featured_media":11301,"parent":0,"menu_order":0,"comment_status":"closed","ping_status":"closed","template":"","meta":{"inline_featured_image":false,"site-sidebar-layout":"default","site-content-layout":"","ast-site-content-layout":"default","site-content-style":"default","site-sidebar-style":"default","ast-global-header-display":"","ast-banner-title-visibility":"","ast-main-header-display":"","ast-hfb-above-header-display":"","ast-hfb-below-header-display":"","ast-hfb-mobile-header-display":"","site-post-title":"","ast-breadcrumbs-content":"","ast-featured-img":"","footer-sml-layout":"","ast-disable-related-posts":"","theme-transparent-header-meta":"","adv-header-id-meta":"","stick-header-meta":"","header-above-stick-meta":"","header-main-stick-meta":"","header-below-stick-meta":"","astra-migrate-meta-layouts":"set","ast-page-background-enabled":"default","ast-page-background-meta":{"desktop":{"background-color":"var(--ast-global-color-5)","background-image":"","background-repeat":"repeat","background-position":"center center","background-size":"auto","background-attachment":"scroll","background-type":"","background-media":"","overlay-type":"","overlay-color":"","overlay-opacity":"","overlay-gradient":""},"tablet":{"background-color":"","background-image":"","background-repeat":"repeat","background-position":"center center","background-size":"auto","background-attachment":"scroll","background-type":"","background-media":"","overlay-type":"","overlay-color":"","overlay-opacity":"","overlay-gradient":""},"mobile":{"background-color":"","background-image":"","background-repeat":"repeat","background-position":"center center","background-size":"auto","background-attachment":"scroll","background-type":"","background-media":"","overlay-type":"","overlay-color":"","overlay-opacity":"","overlay-gradient":""}},"ast-content-background-meta":{"desktop":{"background-color":"var(--ast-global-color-4)","background-image":"","background-repeat":"repeat","background-position":"center center","background-size":"auto","background-attachment":"scroll","background-type":"","background-media":"","overlay-type":"","overlay-color":"","overlay-opacity":"","overlay-gradient":""},"tablet":{"background-color":"var(--ast-global-color-4)","background-image":"","background-repeat":"repeat","background-position":"center center","background-size":"auto","background-attachment":"scroll","background-type":"","background-media":"","overlay-type":"","overlay-color":"","overlay-opacity":"","overlay-gradient":""},"mobile":{"background-color":"var(--ast-global-color-4)","background-image":"","background-repeat":"repeat","background-position":"center center","background-size":"auto","background-attachment":"scroll","background-type":"","background-media":"","overlay-type":"","overlay-color":"","overlay-opacity":"","overlay-gradient":""}},"footnotes":""},"class_list":["post-11306","page","type-page","status-publish","has-post-thumbnail","hentry"],"yoast_head":"<!-- This site is optimized with the Yoast SEO plugin v27.2 - https:\/\/yoast.com\/product\/yoast-seo-wordpress\/ -->\n<title>SFU I-PC Check - SLA<\/title>\n<meta name=\"description\" content=\"Im Zuge der bevorstehenden Umstellung der SFU-Anwendung auf eine webbasierte L\u00f6sung m\u00f6chten wir sicherstellen, dass Ihre Hardware daf\u00fcr bereit ist. Helfen Sie uns, die Kompatibilit\u00e4t Ihrer Ger\u00e4te zu pr\u00fcfen.\" \/>\n<meta name=\"robots\" content=\"index, follow, max-snippet:-1, max-image-preview:large, max-video-preview:-1\" \/>\n<link rel=\"canonical\" href=\"https:\/\/sla.de\/en\/sfu-i-pc-check\/\" \/>\n<meta property=\"og:locale\" content=\"en_GB\" \/>\n<meta property=\"og:type\" content=\"article\" \/>\n<meta property=\"og:title\" content=\"SFU I-PC Check - SLA\" \/>\n<meta property=\"og:description\" content=\"Im Zuge der bevorstehenden Umstellung der SFU-Anwendung auf eine webbasierte L\u00f6sung m\u00f6chten wir sicherstellen, dass Ihre Hardware daf\u00fcr bereit ist. Helfen Sie uns, die Kompatibilit\u00e4t Ihrer Ger\u00e4te zu pr\u00fcfen.\" \/>\n<meta property=\"og:url\" content=\"https:\/\/sla.de\/en\/sfu-i-pc-check\/\" \/>\n<meta property=\"og:site_name\" content=\"SLA\" \/>\n<meta property=\"article:publisher\" content=\"https:\/\/www.facebook.com\/SLA.GmbH\/\" \/>\n<meta property=\"article:modified_time\" content=\"2024-11-14T12:54:46+00:00\" \/>\n<meta property=\"og:image\" content=\"https:\/\/sla.de\/wp-content\/uploads\/2024\/11\/smarttouch-terminal-seriennummer.jpg\" \/>\n\t<meta property=\"og:image:width\" content=\"1108\" \/>\n\t<meta property=\"og:image:height\" content=\"728\" \/>\n\t<meta property=\"og:image:type\" content=\"image\/jpeg\" \/>\n<meta name=\"twitter:card\" content=\"summary_large_image\" \/>\n<meta name=\"twitter:label1\" content=\"Estimated reading time\" \/>\n\t<meta name=\"twitter:data1\" content=\"1 minute\" \/>\n<script type=\"application\/ld+json\" class=\"yoast-schema-graph\">{\"@context\":\"https:\/\/schema.org\",\"@graph\":[{\"@type\":\"WebPage\",\"@id\":\"https:\/\/sla.de\/sfu-i-pc-check\/\",\"url\":\"https:\/\/sla.de\/sfu-i-pc-check\/\",\"name\":\"SFU I-PC Check - SLA\",\"isPartOf\":{\"@id\":\"https:\/\/sla.de\/#website\"},\"primaryImageOfPage\":{\"@id\":\"https:\/\/sla.de\/sfu-i-pc-check\/#primaryimage\"},\"image\":{\"@id\":\"https:\/\/sla.de\/sfu-i-pc-check\/#primaryimage\"},\"thumbnailUrl\":\"https:\/\/sla.de\/wp-content\/uploads\/2024\/11\/smarttouch-terminal-seriennummer.jpg\",\"datePublished\":\"2024-11-06T08:34:04+00:00\",\"dateModified\":\"2024-11-14T12:54:46+00:00\",\"description\":\"Im Zuge der bevorstehenden Umstellung der SFU-Anwendung auf eine webbasierte L\u00f6sung m\u00f6chten wir sicherstellen, dass Ihre Hardware daf\u00fcr bereit ist. Helfen Sie uns, die Kompatibilit\u00e4t Ihrer Ger\u00e4te zu pr\u00fcfen.\",\"breadcrumb\":{\"@id\":\"https:\/\/sla.de\/sfu-i-pc-check\/#breadcrumb\"},\"inLanguage\":\"en-GB\",\"potentialAction\":[{\"@type\":\"ReadAction\",\"target\":[\"https:\/\/sla.de\/sfu-i-pc-check\/\"]}]},{\"@type\":\"ImageObject\",\"inLanguage\":\"en-GB\",\"@id\":\"https:\/\/sla.de\/sfu-i-pc-check\/#primaryimage\",\"url\":\"https:\/\/sla.de\/wp-content\/uploads\/2024\/11\/smarttouch-terminal-seriennummer.jpg\",\"contentUrl\":\"https:\/\/sla.de\/wp-content\/uploads\/2024\/11\/smarttouch-terminal-seriennummer.jpg\",\"width\":1108,\"height\":728},{\"@type\":\"BreadcrumbList\",\"@id\":\"https:\/\/sla.de\/sfu-i-pc-check\/#breadcrumb\",\"itemListElement\":[{\"@type\":\"ListItem\",\"position\":1,\"name\":\"Startseite\",\"item\":\"https:\/\/sla.de\/\"},{\"@type\":\"ListItem\",\"position\":2,\"name\":\"SFU I-PC Check\"}]},{\"@type\":\"WebSite\",\"@id\":\"https:\/\/sla.de\/#website\",\"url\":\"https:\/\/sla.de\/\",\"name\":\"SLA\",\"description\":\"\",\"publisher\":{\"@id\":\"https:\/\/sla.de\/#organization\"},\"potentialAction\":[{\"@type\":\"SearchAction\",\"target\":{\"@type\":\"EntryPoint\",\"urlTemplate\":\"https:\/\/sla.de\/?s={search_term_string}\"},\"query-input\":{\"@type\":\"PropertyValueSpecification\",\"valueRequired\":true,\"valueName\":\"search_term_string\"}}],\"inLanguage\":\"en-GB\"},{\"@type\":\"Organization\",\"@id\":\"https:\/\/sla.de\/#organization\",\"name\":\"Software Artland Logistik GmbH\",\"url\":\"https:\/\/sla.de\/\",\"logo\":{\"@type\":\"ImageObject\",\"inLanguage\":\"en-GB\",\"@id\":\"https:\/\/sla.de\/#\/schema\/logo\/image\/\",\"url\":\"https:\/\/sla.de\/wp-content\/uploads\/2023\/06\/sla_logo-inverse_rgb.png\",\"contentUrl\":\"https:\/\/sla.de\/wp-content\/uploads\/2023\/06\/sla_logo-inverse_rgb.png\",\"width\":1732,\"height\":779,\"caption\":\"Software Artland Logistik GmbH\"},\"image\":{\"@id\":\"https:\/\/sla.de\/#\/schema\/logo\/image\/\"},\"sameAs\":[\"https:\/\/www.facebook.com\/SLA.GmbH\/\",\"https:\/\/www.instagram.com\/sla_software\/?hl=de\",\"https:\/\/www.linkedin.com\/company\/sla-software-logistik-artland-gmbh\",\"https:\/\/www.xing.com\/pages\/slasoftwarelogistikartlandgmbh\",\"https:\/\/www.youtube.com\/channel\/UCUTqRztU9T0fasdzNFw_TUQ\"]}]}<\/script>\n<!-- \/ Yoast SEO plugin. -->","yoast_head_json":{"title":"SFU I-PC Check - SLA","description":"Im Zuge der bevorstehenden Umstellung der SFU-Anwendung auf eine webbasierte L\u00f6sung m\u00f6chten wir sicherstellen, dass Ihre Hardware daf\u00fcr bereit ist. Helfen Sie uns, die Kompatibilit\u00e4t Ihrer Ger\u00e4te zu pr\u00fcfen.","robots":{"index":"index","follow":"follow","max-snippet":"max-snippet:-1","max-image-preview":"max-image-preview:large","max-video-preview":"max-video-preview:-1"},"canonical":"https:\/\/sla.de\/en\/sfu-i-pc-check\/","og_locale":"en_GB","og_type":"article","og_title":"SFU I-PC Check - SLA","og_description":"Im Zuge der bevorstehenden Umstellung der SFU-Anwendung auf eine webbasierte L\u00f6sung m\u00f6chten wir sicherstellen, dass Ihre Hardware daf\u00fcr bereit ist. Helfen Sie uns, die Kompatibilit\u00e4t Ihrer Ger\u00e4te zu pr\u00fcfen.","og_url":"https:\/\/sla.de\/en\/sfu-i-pc-check\/","og_site_name":"SLA","article_publisher":"https:\/\/www.facebook.com\/SLA.GmbH\/","article_modified_time":"2024-11-14T12:54:46+00:00","og_image":[{"width":1108,"height":728,"url":"https:\/\/sla.de\/wp-content\/uploads\/2024\/11\/smarttouch-terminal-seriennummer.jpg","type":"image\/jpeg"}],"twitter_card":"summary_large_image","twitter_misc":{"Estimated reading time":"1 minute"},"schema":{"@context":"https:\/\/schema.org","@graph":[{"@type":"WebPage","@id":"https:\/\/sla.de\/sfu-i-pc-check\/","url":"https:\/\/sla.de\/sfu-i-pc-check\/","name":"SFU I-PC Check - SLA","isPartOf":{"@id":"https:\/\/sla.de\/#website"},"primaryImageOfPage":{"@id":"https:\/\/sla.de\/sfu-i-pc-check\/#primaryimage"},"image":{"@id":"https:\/\/sla.de\/sfu-i-pc-check\/#primaryimage"},"thumbnailUrl":"https:\/\/sla.de\/wp-content\/uploads\/2024\/11\/smarttouch-terminal-seriennummer.jpg","datePublished":"2024-11-06T08:34:04+00:00","dateModified":"2024-11-14T12:54:46+00:00","description":"Im Zuge der bevorstehenden Umstellung der SFU-Anwendung auf eine webbasierte L\u00f6sung m\u00f6chten wir sicherstellen, dass Ihre Hardware daf\u00fcr bereit ist. Helfen Sie uns, die Kompatibilit\u00e4t Ihrer Ger\u00e4te zu pr\u00fcfen.","breadcrumb":{"@id":"https:\/\/sla.de\/sfu-i-pc-check\/#breadcrumb"},"inLanguage":"en-GB","potentialAction":[{"@type":"ReadAction","target":["https:\/\/sla.de\/sfu-i-pc-check\/"]}]},{"@type":"ImageObject","inLanguage":"en-GB","@id":"https:\/\/sla.de\/sfu-i-pc-check\/#primaryimage","url":"https:\/\/sla.de\/wp-content\/uploads\/2024\/11\/smarttouch-terminal-seriennummer.jpg","contentUrl":"https:\/\/sla.de\/wp-content\/uploads\/2024\/11\/smarttouch-terminal-seriennummer.jpg","width":1108,"height":728},{"@type":"BreadcrumbList","@id":"https:\/\/sla.de\/sfu-i-pc-check\/#breadcrumb","itemListElement":[{"@type":"ListItem","position":1,"name":"Startseite","item":"https:\/\/sla.de\/"},{"@type":"ListItem","position":2,"name":"SFU I-PC Check"}]},{"@type":"WebSite","@id":"https:\/\/sla.de\/#website","url":"https:\/\/sla.de\/","name":"SLA","description":"","publisher":{"@id":"https:\/\/sla.de\/#organization"},"potentialAction":[{"@type":"SearchAction","target":{"@type":"EntryPoint","urlTemplate":"https:\/\/sla.de\/?s={search_term_string}"},"query-input":{"@type":"PropertyValueSpecification","valueRequired":true,"valueName":"search_term_string"}}],"inLanguage":"en-GB"},{"@type":"Organization","@id":"https:\/\/sla.de\/#organization","name":"Software Artland Logistik GmbH","url":"https:\/\/sla.de\/","logo":{"@type":"ImageObject","inLanguage":"en-GB","@id":"https:\/\/sla.de\/#\/schema\/logo\/image\/","url":"https:\/\/sla.de\/wp-content\/uploads\/2023\/06\/sla_logo-inverse_rgb.png","contentUrl":"https:\/\/sla.de\/wp-content\/uploads\/2023\/06\/sla_logo-inverse_rgb.png","width":1732,"height":779,"caption":"Software Artland Logistik GmbH"},"image":{"@id":"https:\/\/sla.de\/#\/schema\/logo\/image\/"},"sameAs":["https:\/\/www.facebook.com\/SLA.GmbH\/","https:\/\/www.instagram.com\/sla_software\/?hl=de","https:\/\/www.linkedin.com\/company\/sla-software-logistik-artland-gmbh","https:\/\/www.xing.com\/pages\/slasoftwarelogistikartlandgmbh","https:\/\/www.youtube.com\/channel\/UCUTqRztU9T0fasdzNFw_TUQ"]}]}},"_links":{"self":[{"href":"https:\/\/sla.de\/en\/wp-json\/wp\/v2\/pages\/11306","targetHints":{"allow":["GET"]}}],"collection":[{"href":"https:\/\/sla.de\/en\/wp-json\/wp\/v2\/pages"}],"about":[{"href":"https:\/\/sla.de\/en\/wp-json\/wp\/v2\/types\/page"}],"author":[{"embeddable":true,"href":"https:\/\/sla.de\/en\/wp-json\/wp\/v2\/users\/2"}],"replies":[{"embeddable":true,"href":"https:\/\/sla.de\/en\/wp-json\/wp\/v2\/comments?post=11306"}],"version-history":[{"count":2,"href":"https:\/\/sla.de\/en\/wp-json\/wp\/v2\/pages\/11306\/revisions"}],"predecessor-version":[{"id":11384,"href":"https:\/\/sla.de\/en\/wp-json\/wp\/v2\/pages\/11306\/revisions\/11384"}],"wp:featuredmedia":[{"embeddable":true,"href":"https:\/\/sla.de\/en\/wp-json\/wp\/v2\/media\/11301"}],"wp:attachment":[{"href":"https:\/\/sla.de\/en\/wp-json\/wp\/v2\/media?parent=11306"}],"curies":[{"name":"wp","href":"https:\/\/api.w.org\/{rel}","templated":true}]}}