{"id":5956,"date":"2023-06-10T11:34:28","date_gmt":"2023-06-10T11:34:28","guid":{"rendered":"https:\/\/sla.de\/?page_id=5956"},"modified":"2023-07-12T10:26:26","modified_gmt":"2023-07-12T10:26:26","slug":"impressum","status":"publish","type":"page","link":"https:\/\/sla.de\/en\/impressum\/","title":{"rendered":"impressum"},"content":{"rendered":"<div data-elementor-type=\"wp-page\" data-elementor-id=\"5956\" class=\"elementor elementor-5956\" data-elementor-post-type=\"page\">\n\t\t\t\t<div class=\"elementor-element elementor-element-b93ca4d e-flex e-con-boxed e-con e-parent\" data-id=\"b93ca4d\" data-element_type=\"container\" data-e-type=\"container\" data-settings=\"{&quot;background_background&quot;:&quot;gradient&quot;,&quot;animation&quot;:&quot;none&quot;}\">\n\t\t\t\t\t<div class=\"e-con-inner\">\n\t\t\t\t<div class=\"elementor-element elementor-element-8099a1f elementor-widget elementor-widget-spacer\" data-id=\"8099a1f\" data-element_type=\"widget\" data-e-type=\"widget\" data-widget_type=\"spacer.default\">\n\t\t\t\t<div class=\"elementor-widget-container\">\n\t\t\t\t\t\t\t<div class=\"elementor-spacer\">\n\t\t\t<div class=\"elementor-spacer-inner\"><\/div>\n\t\t<\/div>\n\t\t\t\t\t\t<\/div>\n\t\t\t\t<\/div>\n\t\t\t\t<div class=\"elementor-element elementor-element-3b2b6af elementor-widget elementor-widget-heading\" data-id=\"3b2b6af\" data-element_type=\"widget\" data-e-type=\"widget\" data-widget_type=\"heading.default\">\n\t\t\t\t<div class=\"elementor-widget-container\">\n\t\t\t\t\t<h2 class=\"elementor-heading-title elementor-size-default\">IMPRESSUM\nSLA - CONNECTING FOOD<\/h2>\t\t\t\t<\/div>\n\t\t\t\t<\/div>\n\t\t\t\t<div class=\"elementor-element elementor-element-14731b6 elementor-widget elementor-widget-spacer\" data-id=\"14731b6\" data-element_type=\"widget\" data-e-type=\"widget\" data-widget_type=\"spacer.default\">\n\t\t\t\t<div class=\"elementor-widget-container\">\n\t\t\t\t\t\t\t<div class=\"elementor-spacer\">\n\t\t\t<div class=\"elementor-spacer-inner\"><\/div>\n\t\t<\/div>\n\t\t\t\t\t\t<\/div>\n\t\t\t\t<\/div>\n\t\t\t\t<div class=\"elementor-element elementor-element-cd974a9 elementor-widget elementor-widget-heading\" data-id=\"cd974a9\" data-element_type=\"widget\" data-e-type=\"widget\" data-widget_type=\"heading.default\">\n\t\t\t\t<div class=\"elementor-widget-container\">\n\t\t\t\t\t<h2 class=\"elementor-heading-title elementor-size-default\">SLA SOFTWARE LOGISTIK ARTLAND GMBH<\/h2>\t\t\t\t<\/div>\n\t\t\t\t<\/div>\n\t\t<div class=\"elementor-element elementor-element-9804bd0 e-flex e-con-boxed e-con e-parent\" data-id=\"9804bd0\" data-element_type=\"container\" data-e-type=\"container\">\n\t\t\t\t\t<div class=\"e-con-inner\">\n\t\t\t\t<div class=\"elementor-element elementor-element-1c5d541 elementor-widget elementor-widget-text-editor\" data-id=\"1c5d541\" data-element_type=\"widget\" data-e-type=\"widget\" data-widget_type=\"text-editor.default\">\n\t\t\t\t<div class=\"elementor-widget-container\">\n\t\t\t\t\t\t\t\t\t<p><strong>Artland<\/strong><br \/>Friedrichstra\u00dfe 30<br \/>49610 Quakenbr\u00fcck<br \/>Germany<br \/>Tel.: +49 (0) 5431 9480-0<br \/>Fax: +49 (0) 5431 9480-11<\/p>\t\t\t\t\t\t\t\t<\/div>\n\t\t\t\t<\/div>\n\t\t\t\t<div class=\"elementor-element elementor-element-1bd270c elementor-widget elementor-widget-text-editor\" data-id=\"1bd270c\" data-element_type=\"widget\" data-e-type=\"widget\" data-widget_type=\"text-editor.default\">\n\t\t\t\t<div class=\"elementor-widget-container\">\n\t\t\t\t\t\t\t\t\t<p><strong>Osnabr\u00fcck<\/strong><br \/>Dinglingsweg 1a<br \/>49565 Bramsche<br \/>Germany<br \/>Tel.: +49 (0) 5431 9480-0<\/p>\t\t\t\t\t\t\t\t<\/div>\n\t\t\t\t<\/div>\n\t\t\t\t\t<\/div>\n\t\t\t\t<\/div>\n\t\t\t\t<div class=\"elementor-element elementor-element-872ef4b elementor-widget elementor-widget-heading\" data-id=\"872ef4b\" data-element_type=\"widget\" data-e-type=\"widget\" data-widget_type=\"heading.default\">\n\t\t\t\t<div class=\"elementor-widget-container\">\n\t\t\t\t\t<h2 class=\"elementor-heading-title elementor-size-default\">MANAGING DIRECTOR<\/h2>\t\t\t\t<\/div>\n\t\t\t\t<\/div>\n\t\t\t\t<div class=\"elementor-element elementor-element-0d7ba32 elementor-widget elementor-widget-text-editor\" data-id=\"0d7ba32\" data-element_type=\"widget\" data-e-type=\"widget\" data-widget_type=\"text-editor.default\">\n\t\t\t\t<div class=\"elementor-widget-container\">\n\t\t\t\t\t\t\t\t\t<p>J\u00f6rg Brezl (Sprecher)<br \/>Hermann Grevemeyer<\/p>\t\t\t\t\t\t\t\t<\/div>\n\t\t\t\t<\/div>\n\t\t\t\t<div class=\"elementor-element elementor-element-df6af2f elementor-widget elementor-widget-heading\" data-id=\"df6af2f\" data-element_type=\"widget\" data-e-type=\"widget\" data-widget_type=\"heading.default\">\n\t\t\t\t<div class=\"elementor-widget-container\">\n\t\t\t\t\t<h2 class=\"elementor-heading-title elementor-size-default\">COMPETENT CHAMBER\n<\/h2>\t\t\t\t<\/div>\n\t\t\t\t<\/div>\n\t\t\t\t<div class=\"elementor-element elementor-element-c01f408 elementor-widget elementor-widget-text-editor\" data-id=\"c01f408\" data-element_type=\"widget\" data-e-type=\"widget\" data-widget_type=\"text-editor.default\">\n\t\t\t\t<div class=\"elementor-widget-container\">\n\t\t\t\t\t\t\t\t\t<p>Chamber of Industry and Commerce Osnabr\u00fcck-Emsland<\/p>\t\t\t\t\t\t\t\t<\/div>\n\t\t\t\t<\/div>\n\t\t\t\t<div class=\"elementor-element elementor-element-ec21adf elementor-widget elementor-widget-heading\" data-id=\"ec21adf\" data-element_type=\"widget\" data-e-type=\"widget\" data-widget_type=\"heading.default\">\n\t\t\t\t<div class=\"elementor-widget-container\">\n\t\t\t\t\t<h2 class=\"elementor-heading-title elementor-size-default\">REGISTRY COURT\n<\/h2>\t\t\t\t<\/div>\n\t\t\t\t<\/div>\n\t\t\t\t<div class=\"elementor-element elementor-element-f8fd767 elementor-widget elementor-widget-text-editor\" data-id=\"f8fd767\" data-element_type=\"widget\" data-e-type=\"widget\" data-widget_type=\"text-editor.default\">\n\t\t\t\t<div class=\"elementor-widget-container\">\n\t\t\t\t\t\t\t\t\t<p>Osnabr\u00fcck Local Court<\/p>\t\t\t\t\t\t\t\t<\/div>\n\t\t\t\t<\/div>\n\t\t\t\t<div class=\"elementor-element elementor-element-0ddfdf5 elementor-widget elementor-widget-heading\" data-id=\"0ddfdf5\" data-element_type=\"widget\" data-e-type=\"widget\" data-widget_type=\"heading.default\">\n\t\t\t\t<div class=\"elementor-widget-container\">\n\t\t\t\t\t<h2 class=\"elementor-heading-title elementor-size-default\">REGISTER NUMBER\n<\/h2>\t\t\t\t<\/div>\n\t\t\t\t<\/div>\n\t\t\t\t<div class=\"elementor-element elementor-element-29ed92a elementor-widget elementor-widget-text-editor\" data-id=\"29ed92a\" data-element_type=\"widget\" data-e-type=\"widget\" data-widget_type=\"text-editor.default\">\n\t\t\t\t<div class=\"elementor-widget-container\">\n\t\t\t\t\t\t\t\t\t<p>HRB 20381<\/p>\t\t\t\t\t\t\t\t<\/div>\n\t\t\t\t<\/div>\n\t\t\t\t<div class=\"elementor-element elementor-element-972ab3f elementor-widget elementor-widget-heading\" data-id=\"972ab3f\" data-element_type=\"widget\" data-e-type=\"widget\" data-widget_type=\"heading.default\">\n\t\t\t\t<div class=\"elementor-widget-container\">\n\t\t\t\t\t<h2 class=\"elementor-heading-title elementor-size-default\">SALES TAX IDENTIFICATION NUMBER ACCORDING TO \u00a7 27 A SALES TAX LAW\n<\/h2>\t\t\t\t<\/div>\n\t\t\t\t<\/div>\n\t\t\t\t<div class=\"elementor-element elementor-element-ec0fa3a elementor-widget elementor-widget-text-editor\" data-id=\"ec0fa3a\" data-element_type=\"widget\" data-e-type=\"widget\" data-widget_type=\"text-editor.default\">\n\t\t\t\t<div class=\"elementor-widget-container\">\n\t\t\t\t\t\t\t\t\t<p>DE 169553617<\/p>\t\t\t\t\t\t\t\t<\/div>\n\t\t\t\t<\/div>\n\t\t\t\t<div class=\"elementor-element elementor-element-28c45ca elementor-widget elementor-widget-heading\" data-id=\"28c45ca\" data-element_type=\"widget\" data-e-type=\"widget\" data-widget_type=\"heading.default\">\n\t\t\t\t<div class=\"elementor-widget-container\">\n\t\t\t\t\t<h2 class=\"elementor-heading-title elementor-size-default\">DISCLAIMER\n<\/h2>\t\t\t\t<\/div>\n\t\t\t\t<\/div>\n\t\t\t\t<div class=\"elementor-element elementor-element-6db0b76 elementor-widget elementor-widget-text-editor\" data-id=\"6db0b76\" data-element_type=\"widget\" data-e-type=\"widget\" data-widget_type=\"text-editor.default\">\n\t\t\t\t<div class=\"elementor-widget-container\">\n\t\t\t\t\t\t\t\t\t<p>Although the content of this Internet address is subject to constant control on our part, no liability is assumed for the content of external links. The content of the linked pages is the responsibility of the respective operators.<\/p>\t\t\t\t\t\t\t\t<\/div>\n\t\t\t\t<\/div>\n\t\t\t\t<div class=\"elementor-element elementor-element-4aefce6 elementor-widget elementor-widget-heading\" data-id=\"4aefce6\" data-element_type=\"widget\" data-e-type=\"widget\" data-widget_type=\"heading.default\">\n\t\t\t\t<div class=\"elementor-widget-container\">\n\t\t\t\t\t<h2 class=\"elementor-heading-title elementor-size-default\">PICTURE SHOPPING<\/h2>\t\t\t\t<\/div>\n\t\t\t\t<\/div>\n\t\t\t\t<div class=\"elementor-element elementor-element-e1419c9 elementor-widget elementor-widget-text-editor\" data-id=\"e1419c9\" data-element_type=\"widget\" data-e-type=\"widget\" data-widget_type=\"text-editor.default\">\n\t\t\t\t<div class=\"elementor-widget-container\">\n\t\t\t\t\t\t\t\t\tThe images used on this website are from:\n\n<br>SLA Software Logistik Artland GmbH\n<br>envato elements\t\t\t\t\t\t\t\t<\/div>\n\t\t\t\t<\/div>\n\t\t\t\t<div class=\"elementor-element elementor-element-8b7142b elementor-widget elementor-widget-heading\" data-id=\"8b7142b\" data-element_type=\"widget\" data-e-type=\"widget\" data-widget_type=\"heading.default\">\n\t\t\t\t<div class=\"elementor-widget-container\">\n\t\t\t\t\t<h2 class=\"elementor-heading-title elementor-size-default\">IMPLEMENTATION<\/h2>\t\t\t\t<\/div>\n\t\t\t\t<\/div>\n\t\t\t\t<div class=\"elementor-element elementor-element-b2f0f5a elementor-widget elementor-widget-text-editor\" data-id=\"b2f0f5a\" data-element_type=\"widget\" data-e-type=\"widget\" data-widget_type=\"text-editor.default\">\n\t\t\t\t<div class=\"elementor-widget-container\">\n\t\t\t\t\t\t\t\t\tConcept, layout and programming:\n<br>SLA Software Logistik Artland GmbH\t\t\t\t\t\t\t\t<\/div>\n\t\t\t\t<\/div>\n\t\t\t\t<div class=\"elementor-element elementor-element-49484ba elementor-widget elementor-widget-spacer\" data-id=\"49484ba\" data-element_type=\"widget\" data-e-type=\"widget\" data-widget_type=\"spacer.default\">\n\t\t\t\t<div class=\"elementor-widget-container\">\n\t\t\t\t\t\t\t<div class=\"elementor-spacer\">\n\t\t\t<div class=\"elementor-spacer-inner\"><\/div>\n\t\t<\/div>\n\t\t\t\t\t\t<\/div>\n\t\t\t\t<\/div>\n\t\t\t\t\t<\/div>\n\t\t\t\t<\/div>\n\t\t\t\t<div class=\"unlimited-elements-background-overlay\" data-forid=\"b93ca4d\" data-location=\"back\" style=\"display:none\">\n\t\t\t<template>\n\t\t\t\n<!-- start Particles Background -->\n<style>\/* widget: Particles Background *\/\n\n.uc-background-particles{\n  position:absolute; \n  width: 100%; \n  height: 100%; \n  top:0px;\n  left:0px;\t\n}\n\n<\/style>\n\n<div id=\"uc_particles_background_bg_addon19643\" class=\"uc-background-particles\"><\/div>\n<script type=\"text\/javascript\"  id=\"ue_script_particles_background\">\n\n\/* Particles Background scripts: *\/ \n\njQuery(document).ready(function(){\n  \n\n\tvar objSettings = {\n     \"particles\":{\n        \"number\":{\n           \"value\":35,\n           \"density\":{\n              \"enable\":true,\n              \"value_area\":800\n           }\n        },\n              \"color\":{\n           \"value\":\"#c5c5c5\"\n        },          \n        \n        \"shape\":{\n           \"type\":\"circle\",\n           \"stroke\":{\n              \"width\":0,\n              \"color\":\"#000000\"\n           },\n           \"polygon\":{\n              \"nb_sides\":5\n           },\n           \"image\":{\n              \"src\":\"https:\/\/sla.de\/wp-content\/uploads\/ac_assets\/particles_background\/ue_logo.png\",\n              \"width\":100,\n              \"height\":100\n           }\n        },\n        \"opacity\":{\n           \"value\":0.5,\n           \"random\":false,\n           \"anim\":{\n              \"enable\":false,\n              \"speed\":1,\n              \"opacity_min\":0.1,\n              \"sync\":false\n           }\n        },\n        \"size\":{\n           \"value\":8,\n           \"random\":true,\n           \"anim\":{\n              \"enable\":false,\n              \"speed\":30,\n              \"size_min\":1,\n              \"sync\":false\n           }\n        },\n        \"line_linked\":{\n           \"enable\":true,\n           \"distance\":150,\n           \"color\":\"#c5c5c5\",\n           \"opacity\":0.5,\n           \"width\":2\n        },\n        \"move\":{\n           \"enable\":true,\n           \"speed\":1.2,\n           \"direction\":\"none\",\n           \"random\":false,\n           \"straight\":false,\n           \"out_mode\":\"out\",\n           \"bounce\":false,\n           \"attract\":{\n              \"enable\":false,\n              \"rotateX\":600,\n              \"rotateY\":1200\n           }\n        }\n     },\n     \"interactivity\":{\n        \"detect_on\":\"window\",\n        \"events\":{\n           \"onhover\":{\n              \"enable\":true,\n              \"mode\":\n                            \"none\"\n                \n           },\n           \"onclick\":{\n             \n              \"enable\":true,\n              \"mode\":\n                            \"none\"\n                \n           },\n           \"resize\":true\n        },\n        \"modes\":{\n           \"grab\":{\n              \"distance\":200,\n              \"line_linked\":{\n                 \"opacity\":1\n              }\n           },\n           \"bubble\":{\n              \"distance\":250,\n              \"size\":20,\n              \"duration\":0.5,\n              \"opacity\":8,\n              \"speed\":5\n           },\n           \"repulse\":{\n              \"distance\":150,\n              \"duration\":0.4\n           },\n           \"push\":{\n              \"particles_nb\":8\n           },\n           \"remove\":{\n              \"particles_nb\":20\n           }\n        }\n     },\n     \"retina_detect\":false\n  }  \n                                              \n\t\n                 \nparticlesJS(\"uc_particles_background_bg_addon19643\", objSettings);\n  \n  var count_particles, stats, update; stats = new Stats; stats.setMode(0); stats.domElement.style.position = 'absolute'; stats.domElement.style.left = '0px'; stats.domElement.style.top = '0px';\n});\n<\/script>\n<!-- end Particles Background -->\t\t\t<\/template>\n\t\t<\/div>\n\t\t\n\t\t\t\t<\/div>","protected":false},"excerpt":{"rendered":"<p>IMPRESSUM SLA &#8211; CONNECTING FOOD SLA SOFTWARE LOGISTIK ARTLAND GMBH ArtlandFriedrichstra\u00dfe 3049610 Quakenbr\u00fcckDeutschlandTel.: +49 (0) 5431 9480-0Fax: +49 (0) 5431 9480-11 Osnabr\u00fcckDinglingsweg 1a49565 BramscheDeutschlandTel.: +49 (0) 5431 9480-0 GESCH\u00c4FTSF\u00dcHRER J\u00f6rg Brezl (Sprecher)Hermann Grevemeyer ZUST\u00c4NDIGE KAMMER Industrie- und Handelskammer Osnabr\u00fcck-Emsland REGISTERGERICHT Amtsgericht Osnabr\u00fcck REGISTERNUMMER HRB 20381 UMSATZSTEUER-IDENTIFIKATIONSNUMMER GEM\u00c4SS \u00a7 27 A UMSATZSTEUERGESETZ DE 169553617 HAFTUNGSHINWEISE Obwohl [&hellip;]<\/p>\n","protected":false},"author":2,"featured_media":0,"parent":0,"menu_order":0,"comment_status":"closed","ping_status":"closed","template":"","meta":{"inline_featured_image":false,"site-sidebar-layout":"no-sidebar","site-content-layout":"page-builder","ast-site-content-layout":"default","site-content-style":"default","site-sidebar-style":"default","ast-global-header-display":"","ast-banner-title-visibility":"","ast-main-header-display":"","ast-hfb-above-header-display":"","ast-hfb-below-header-display":"","ast-hfb-mobile-header-display":"","site-post-title":"disabled","ast-breadcrumbs-content":"","ast-featured-img":"disabled","footer-sml-layout":"","ast-disable-related-posts":"","theme-transparent-header-meta":"","adv-header-id-meta":"","stick-header-meta":"","header-above-stick-meta":"","header-main-stick-meta":"","header-below-stick-meta":"","astra-migrate-meta-layouts":"default","ast-page-background-enabled":"default","ast-page-background-meta":{"desktop":{"background-color":"var(--ast-global-color-5)","background-image":"","background-repeat":"repeat","background-position":"center center","background-size":"auto","background-attachment":"scroll","background-type":"","background-media":"","overlay-type":"","overlay-color":"","overlay-opacity":"","overlay-gradient":""},"tablet":{"background-color":"","background-image":"","background-repeat":"repeat","background-position":"center center","background-size":"auto","background-attachment":"scroll","background-type":"","background-media":"","overlay-type":"","overlay-color":"","overlay-opacity":"","overlay-gradient":""},"mobile":{"background-color":"","background-image":"","background-repeat":"repeat","background-position":"center center","background-size":"auto","background-attachment":"scroll","background-type":"","background-media":"","overlay-type":"","overlay-color":"","overlay-opacity":"","overlay-gradient":""}},"ast-content-background-meta":{"desktop":{"background-color":"var(--ast-global-color-4)","background-image":"","background-repeat":"repeat","background-position":"center center","background-size":"auto","background-attachment":"scroll","background-type":"","background-media":"","overlay-type":"","overlay-color":"","overlay-opacity":"","overlay-gradient":""},"tablet":{"background-color":"var(--ast-global-color-4)","background-image":"","background-repeat":"repeat","background-position":"center center","background-size":"auto","background-attachment":"scroll","background-type":"","background-media":"","overlay-type":"","overlay-color":"","overlay-opacity":"","overlay-gradient":""},"mobile":{"background-color":"var(--ast-global-color-4)","background-image":"","background-repeat":"repeat","background-position":"center center","background-size":"auto","background-attachment":"scroll","background-type":"","background-media":"","overlay-type":"","overlay-color":"","overlay-opacity":"","overlay-gradient":""}},"footnotes":""},"class_list":["post-5956","page","type-page","status-publish","hentry"],"yoast_head":"<!-- This site is optimized with the Yoast SEO plugin v27.2 - https:\/\/yoast.com\/product\/yoast-seo-wordpress\/ -->\n<title>impressum - SLA<\/title>\n<meta name=\"robots\" content=\"index, follow, max-snippet:-1, max-image-preview:large, max-video-preview:-1\" \/>\n<link rel=\"canonical\" href=\"https:\/\/sla.de\/en\/impressum\/\" \/>\n<meta property=\"og:locale\" content=\"en_GB\" \/>\n<meta property=\"og:type\" content=\"article\" \/>\n<meta property=\"og:title\" content=\"impressum - SLA\" \/>\n<meta property=\"og:description\" content=\"IMPRESSUM SLA &#8211; CONNECTING FOOD SLA SOFTWARE LOGISTIK ARTLAND GMBH ArtlandFriedrichstra\u00dfe 3049610 Quakenbr\u00fcckDeutschlandTel.: +49 (0) 5431 9480-0Fax: +49 (0) 5431 9480-11 Osnabr\u00fcckDinglingsweg 1a49565 BramscheDeutschlandTel.: +49 (0) 5431 9480-0 GESCH\u00c4FTSF\u00dcHRER J\u00f6rg Brezl (Sprecher)Hermann Grevemeyer ZUST\u00c4NDIGE KAMMER Industrie- und Handelskammer Osnabr\u00fcck-Emsland REGISTERGERICHT Amtsgericht Osnabr\u00fcck REGISTERNUMMER HRB 20381 UMSATZSTEUER-IDENTIFIKATIONSNUMMER GEM\u00c4SS \u00a7 27 A UMSATZSTEUERGESETZ DE 169553617 HAFTUNGSHINWEISE Obwohl [&hellip;]\" \/>\n<meta property=\"og:url\" content=\"https:\/\/sla.de\/en\/impressum\/\" \/>\n<meta property=\"og:site_name\" content=\"SLA\" \/>\n<meta property=\"article:publisher\" content=\"https:\/\/www.facebook.com\/SLA.GmbH\/\" \/>\n<meta property=\"article:modified_time\" content=\"2023-07-12T10:26:26+00:00\" \/>\n<meta name=\"twitter:card\" content=\"summary_large_image\" \/>\n<meta name=\"twitter:label1\" content=\"Estimated reading time\" \/>\n\t<meta name=\"twitter:data1\" content=\"1 minute\" \/>\n<script type=\"application\/ld+json\" class=\"yoast-schema-graph\">{\"@context\":\"https:\/\/schema.org\",\"@graph\":[{\"@type\":\"WebPage\",\"@id\":\"https:\/\/sla.de\/impressum\/\",\"url\":\"https:\/\/sla.de\/impressum\/\",\"name\":\"impressum - SLA\",\"isPartOf\":{\"@id\":\"https:\/\/sla.de\/#website\"},\"datePublished\":\"2023-06-10T11:34:28+00:00\",\"dateModified\":\"2023-07-12T10:26:26+00:00\",\"breadcrumb\":{\"@id\":\"https:\/\/sla.de\/impressum\/#breadcrumb\"},\"inLanguage\":\"en-GB\",\"potentialAction\":[{\"@type\":\"ReadAction\",\"target\":[\"https:\/\/sla.de\/impressum\/\"]}]},{\"@type\":\"BreadcrumbList\",\"@id\":\"https:\/\/sla.de\/impressum\/#breadcrumb\",\"itemListElement\":[{\"@type\":\"ListItem\",\"position\":1,\"name\":\"Startseite\",\"item\":\"https:\/\/sla.de\/\"},{\"@type\":\"ListItem\",\"position\":2,\"name\":\"impressum\"}]},{\"@type\":\"WebSite\",\"@id\":\"https:\/\/sla.de\/#website\",\"url\":\"https:\/\/sla.de\/\",\"name\":\"SLA\",\"description\":\"\",\"publisher\":{\"@id\":\"https:\/\/sla.de\/#organization\"},\"potentialAction\":[{\"@type\":\"SearchAction\",\"target\":{\"@type\":\"EntryPoint\",\"urlTemplate\":\"https:\/\/sla.de\/?s={search_term_string}\"},\"query-input\":{\"@type\":\"PropertyValueSpecification\",\"valueRequired\":true,\"valueName\":\"search_term_string\"}}],\"inLanguage\":\"en-GB\"},{\"@type\":\"Organization\",\"@id\":\"https:\/\/sla.de\/#organization\",\"name\":\"Software Artland Logistik GmbH\",\"url\":\"https:\/\/sla.de\/\",\"logo\":{\"@type\":\"ImageObject\",\"inLanguage\":\"en-GB\",\"@id\":\"https:\/\/sla.de\/#\/schema\/logo\/image\/\",\"url\":\"https:\/\/sla.de\/wp-content\/uploads\/2023\/06\/sla_logo-inverse_rgb.png\",\"contentUrl\":\"https:\/\/sla.de\/wp-content\/uploads\/2023\/06\/sla_logo-inverse_rgb.png\",\"width\":1732,\"height\":779,\"caption\":\"Software Artland Logistik GmbH\"},\"image\":{\"@id\":\"https:\/\/sla.de\/#\/schema\/logo\/image\/\"},\"sameAs\":[\"https:\/\/www.facebook.com\/SLA.GmbH\/\",\"https:\/\/www.instagram.com\/sla_software\/?hl=de\",\"https:\/\/www.linkedin.com\/company\/sla-software-logistik-artland-gmbh\",\"https:\/\/www.xing.com\/pages\/slasoftwarelogistikartlandgmbh\",\"https:\/\/www.youtube.com\/channel\/UCUTqRztU9T0fasdzNFw_TUQ\"]}]}<\/script>\n<!-- \/ Yoast SEO plugin. -->","yoast_head_json":{"title":"impressum - SLA","robots":{"index":"index","follow":"follow","max-snippet":"max-snippet:-1","max-image-preview":"max-image-preview:large","max-video-preview":"max-video-preview:-1"},"canonical":"https:\/\/sla.de\/en\/impressum\/","og_locale":"en_GB","og_type":"article","og_title":"impressum - SLA","og_description":"IMPRESSUM SLA &#8211; CONNECTING FOOD SLA SOFTWARE LOGISTIK ARTLAND GMBH ArtlandFriedrichstra\u00dfe 3049610 Quakenbr\u00fcckDeutschlandTel.: +49 (0) 5431 9480-0Fax: +49 (0) 5431 9480-11 Osnabr\u00fcckDinglingsweg 1a49565 BramscheDeutschlandTel.: +49 (0) 5431 9480-0 GESCH\u00c4FTSF\u00dcHRER J\u00f6rg Brezl (Sprecher)Hermann Grevemeyer ZUST\u00c4NDIGE KAMMER Industrie- und Handelskammer Osnabr\u00fcck-Emsland REGISTERGERICHT Amtsgericht Osnabr\u00fcck REGISTERNUMMER HRB 20381 UMSATZSTEUER-IDENTIFIKATIONSNUMMER GEM\u00c4SS \u00a7 27 A UMSATZSTEUERGESETZ DE 169553617 HAFTUNGSHINWEISE Obwohl [&hellip;]","og_url":"https:\/\/sla.de\/en\/impressum\/","og_site_name":"SLA","article_publisher":"https:\/\/www.facebook.com\/SLA.GmbH\/","article_modified_time":"2023-07-12T10:26:26+00:00","twitter_card":"summary_large_image","twitter_misc":{"Estimated reading time":"1 minute"},"schema":{"@context":"https:\/\/schema.org","@graph":[{"@type":"WebPage","@id":"https:\/\/sla.de\/impressum\/","url":"https:\/\/sla.de\/impressum\/","name":"impressum - SLA","isPartOf":{"@id":"https:\/\/sla.de\/#website"},"datePublished":"2023-06-10T11:34:28+00:00","dateModified":"2023-07-12T10:26:26+00:00","breadcrumb":{"@id":"https:\/\/sla.de\/impressum\/#breadcrumb"},"inLanguage":"en-GB","potentialAction":[{"@type":"ReadAction","target":["https:\/\/sla.de\/impressum\/"]}]},{"@type":"BreadcrumbList","@id":"https:\/\/sla.de\/impressum\/#breadcrumb","itemListElement":[{"@type":"ListItem","position":1,"name":"Startseite","item":"https:\/\/sla.de\/"},{"@type":"ListItem","position":2,"name":"impressum"}]},{"@type":"WebSite","@id":"https:\/\/sla.de\/#website","url":"https:\/\/sla.de\/","name":"SLA","description":"","publisher":{"@id":"https:\/\/sla.de\/#organization"},"potentialAction":[{"@type":"SearchAction","target":{"@type":"EntryPoint","urlTemplate":"https:\/\/sla.de\/?s={search_term_string}"},"query-input":{"@type":"PropertyValueSpecification","valueRequired":true,"valueName":"search_term_string"}}],"inLanguage":"en-GB"},{"@type":"Organization","@id":"https:\/\/sla.de\/#organization","name":"Software Artland Logistik GmbH","url":"https:\/\/sla.de\/","logo":{"@type":"ImageObject","inLanguage":"en-GB","@id":"https:\/\/sla.de\/#\/schema\/logo\/image\/","url":"https:\/\/sla.de\/wp-content\/uploads\/2023\/06\/sla_logo-inverse_rgb.png","contentUrl":"https:\/\/sla.de\/wp-content\/uploads\/2023\/06\/sla_logo-inverse_rgb.png","width":1732,"height":779,"caption":"Software Artland Logistik GmbH"},"image":{"@id":"https:\/\/sla.de\/#\/schema\/logo\/image\/"},"sameAs":["https:\/\/www.facebook.com\/SLA.GmbH\/","https:\/\/www.instagram.com\/sla_software\/?hl=de","https:\/\/www.linkedin.com\/company\/sla-software-logistik-artland-gmbh","https:\/\/www.xing.com\/pages\/slasoftwarelogistikartlandgmbh","https:\/\/www.youtube.com\/channel\/UCUTqRztU9T0fasdzNFw_TUQ"]}]}},"_links":{"self":[{"href":"https:\/\/sla.de\/en\/wp-json\/wp\/v2\/pages\/5956","targetHints":{"allow":["GET"]}}],"collection":[{"href":"https:\/\/sla.de\/en\/wp-json\/wp\/v2\/pages"}],"about":[{"href":"https:\/\/sla.de\/en\/wp-json\/wp\/v2\/types\/page"}],"author":[{"embeddable":true,"href":"https:\/\/sla.de\/en\/wp-json\/wp\/v2\/users\/2"}],"replies":[{"embeddable":true,"href":"https:\/\/sla.de\/en\/wp-json\/wp\/v2\/comments?post=5956"}],"version-history":[{"count":31,"href":"https:\/\/sla.de\/en\/wp-json\/wp\/v2\/pages\/5956\/revisions"}],"predecessor-version":[{"id":8823,"href":"https:\/\/sla.de\/en\/wp-json\/wp\/v2\/pages\/5956\/revisions\/8823"}],"wp:attachment":[{"href":"https:\/\/sla.de\/en\/wp-json\/wp\/v2\/media?parent=5956"}],"curies":[{"name":"wp","href":"https:\/\/api.w.org\/{rel}","templated":true}]}}